{"id":2,"date":"2013-02-07T10:15:30","date_gmt":"2013-02-07T09:15:30","guid":{"rendered":"http:\/\/www.clrp93.fr\/?page_id=2"},"modified":"2025-11-24T14:11:24","modified_gmt":"2025-11-24T13:11:24","slug":"page-programmes","status":"publish","type":"page","link":"https:\/\/www.clrp93.fr\/?page_id=2","title":{"rendered":"Programmes Rando"},"content":{"rendered":"<p><span style=\"color: #000000;\"><strong>PROGRAMMES DES DIMANCHES ET DES LUNDIS, et parfois d&rsquo;autre jour \u2026<\/strong><\/span><\/p>\n<p>Tous les rendez-vous sont au parking de l\u2019ancienne piscine sauf information particuli\u00e8re.\u00a0Si vous d\u00e9sirez rejoindre directement le point de d\u00e9part de la randonn\u00e9e, appelez imp\u00e9rativement l\u2019animateur concern\u00e9.<\/p>\n<p style=\"text-align: justify;\">De bonnes chaussures \u00e0 vos pieds, dans votre sac de l\u2019eau, votre cape, des v\u00eatements chauds ou frais, des protections solaires, votre licence, votre carte vitale, la liste des t\u00e9l\u00e9phones des animateurs (votre t\u00e9l\u00e9phone) et une carte routi\u00e8re de la r\u00e9gion parisienne.<br \/>\nVos Animateurs peuvent \u00eatre conduits \u00e0 modifier sans pr\u00e9avis un parcours programm\u00e9, donc particuli\u00e8rement en cas de mauvais temps contacter les animateurs avant de venir, et \u00e0 refuser la participation d\u2019une ou d\u2019un randonneur mal \u00e9quip\u00e9, ou consid\u00e9r\u00e9 comme inapte \u00e0 faire la randonn\u00e9e.<\/p>\n<p><a href=\"https:\/\/www.clrp93.fr\/a_telecharger\/Programmes2.pdf\"><span style=\"color: #0000ff;\">Programmes du premier semestre 2026<\/span><\/a><\/p>\n","protected":false},"excerpt":{"rendered":"<p>PROGRAMMES DES DIMANCHES ET DES LUNDIS, et parfois d&rsquo;autre jour \u2026 Tous les rendez-vous sont au parking de l\u2019ancienne piscine sauf information particuli\u00e8re.\u00a0Si vous d\u00e9sirez rejoindre directement le point de d\u00e9part de la randonn\u00e9e, appelez imp\u00e9rativement l\u2019animateur concern\u00e9. De bonnes &hellip; <a href=\"https:\/\/www.clrp93.fr\/?page_id=2\">Continuer la lecture <span class=\"meta-nav\">&rarr;<\/span><\/a><\/p>\n","protected":false},"author":1,"featured_media":0,"parent":56,"menu_order":0,"comment_status":"closed","ping_status":"closed","template":"sidebar-page.php","meta":{"footnotes":""},"class_list":["post-2","page","type-page","status-publish","hentry"],"_links":{"self":[{"href":"https:\/\/www.clrp93.fr\/index.php?rest_route=\/wp\/v2\/pages\/2","targetHints":{"allow":["GET"]}}],"collection":[{"href":"https:\/\/www.clrp93.fr\/index.php?rest_route=\/wp\/v2\/pages"}],"about":[{"href":"https:\/\/www.clrp93.fr\/index.php?rest_route=\/wp\/v2\/types\/page"}],"author":[{"embeddable":true,"href":"https:\/\/www.clrp93.fr\/index.php?rest_route=\/wp\/v2\/users\/1"}],"replies":[{"embeddable":true,"href":"https:\/\/www.clrp93.fr\/index.php?rest_route=%2Fwp%2Fv2%2Fcomments&post=2"}],"version-history":[{"count":114,"href":"https:\/\/www.clrp93.fr\/index.php?rest_route=\/wp\/v2\/pages\/2\/revisions"}],"predecessor-version":[{"id":5664,"href":"https:\/\/www.clrp93.fr\/index.php?rest_route=\/wp\/v2\/pages\/2\/revisions\/5664"}],"up":[{"embeddable":true,"href":"https:\/\/www.clrp93.fr\/index.php?rest_route=\/wp\/v2\/pages\/56"}],"wp:attachment":[{"href":"https:\/\/www.clrp93.fr\/index.php?rest_route=%2Fwp%2Fv2%2Fmedia&parent=2"}],"curies":[{"name":"wp","href":"https:\/\/api.w.org\/{rel}","templated":true}]}}