{"id":21,"date":"2013-02-07T17:08:57","date_gmt":"2013-02-07T16:08:57","guid":{"rendered":"http:\/\/www.clrp93.fr\/?page_id=21"},"modified":"2024-08-15T16:53:55","modified_gmt":"2024-08-15T15:53:55","slug":"lassociation","status":"publish","type":"page","link":"https:\/\/www.clrp93.fr\/?page_id=21","title":{"rendered":"L&rsquo;association"},"content":{"rendered":"<p><strong>HISTORIQUE DU C.L.R.P. (Club Livryen de Randonn\u00e9e P\u00e9destre).<\/strong><\/p>\n<p>Le Club a \u00e9t\u00e9 cr\u00e9\u00e9 le 16 juin 1994, par Messieurs Bela Nara\u00ef et Michel Texandier.<br \/>\nCe Club est affili\u00e9 \u00e0 la F.F.R.P. (F\u00e9d\u00e9ration Fran\u00e7aise de Randonn\u00e9e P\u00e9destre) qui et agr\u00e9\u00e9 par le minist\u00e8re de la Jeunesse et des Sports. Chantal Dubois, la pr\u00e9sidente actuelle a \u00e9t\u00e9 \u00e9lue en janvier 2014.<\/p>\n<p>En 1994 le Club comptait 23 adh\u00e9rents, en 1995 : 65, en 1996 : 114. Depuis cela oscille entre 170 et 190.<\/p>\n<p>Voici quelques chiffres concernant la saison 1999 \/ 2000\u00a0:<\/p>\n<ul>\n<li>Vingt-six sorties organis\u00e9es.<\/li>\n<li>Deux week-ends + 2 semaines.<\/li>\n<li>Douze jours en montagne.<\/li>\n<li>Le T\u00e9l\u00e9thon.<\/li>\n<li>La moyenne d\u2019\u00e2ge est de 25 ans \u00e0 90 ans.<\/li>\n<li>A chaque sortie (le dimanche) deux parcours, l\u2019un de 16 km, le second de 20 km environ).<\/li>\n<li>Onze animateurs de randonn\u00e9es.<\/li>\n<\/ul>\n<p>Nos sorties sont essentiellement \u00abnature\u00bb, mais aussi, culturelles, festives et gastronomiques.<\/p>\n<p>Six baliseurs officiels font partie du C.L.R.P. Pour le T\u00e9l\u00e9thon le Club a cr\u00e9e un P.R (Petite randonn\u00e9e) repr\u00e9sentant deux heures de marche, \u00e0 travers les nombreux parcs de Livry Gargan. Ce parcours a \u00e9t\u00e9 reconnu par la F\u00e9d\u00e9ration et est int\u00e9gr\u00e9 dans le topo-guide \u00abLa Seine \u2013Saint-Denis \u00e0 Pieds\u00bb. Le balisage, c\u2019est-\u00e0-dire le marquage conventionnels, tels que : fl\u00e8ches, croix, de couleur jaune, etc. a \u00e9t\u00e9 r\u00e9alis\u00e9 par le C.L.R.P.<\/p>\n<p>Le Club est dirig\u00e9 et anim\u00e9 exclusivement par des b\u00e9n\u00e9voles.<br \/>\nCLRP &#8211; \u00a0213 bis Boulevard Edouard VAILLANT &#8211; 93190 LIVRY-GARGAN<br \/>\nEmail\u00a0:\u00a0<span style=\"color: #0000ff;\">chantaldubois0@gmail.com<\/span><\/p>\n<p><strong>Nos partenaires :<\/strong><\/p>\n<table style=\"height: 166px;\" border=\"0\" width=\"569\" cellspacing=\"0\" cellpadding=\"0\">\n<tbody>\n<tr>\n<td align=\"center\" width=\"180\" height=\"160\"><a title=\"FFRP seine saint denis\" href=\"http:\/\/www.randopedestre93.fr\/randopedestre93\" target=\"_blank\" rel=\"noopener\"><img loading=\"lazy\" decoding=\"async\" class=\"aligncenter size-full wp-image-111\" src=\"https:\/\/www.clrp93.fr\/wp-content\/uploads\/2013\/02\/partn_ffrp-ssd.png\" alt=\"partenaire f\u00e9d\u00e9ration francaise de randonn\u00e9e p\u00e9destre de seine saint-denis\" width=\"170\" height=\"82\" \/><\/a><\/td>\n<td align=\"center\" width=\"180\" height=\"160\"><a title=\"FFRP \u00e9coveille\" href=\"http:\/\/www.ffrandonnee.fr\/_160\/la-protection-eco-veille.aspx\" target=\"_blank\" rel=\"noopener\"><img loading=\"lazy\" decoding=\"async\" class=\"aligncenter size-full wp-image-110\" src=\"https:\/\/www.clrp93.fr\/wp-content\/uploads\/2013\/02\/partn_ecoveille.png\" alt=\"partenaire ecoveille\" width=\"170\" height=\"85\" \/><\/a><\/td>\n<td align=\"center\" width=\"180\" height=\"160\"><a title=\"Ville de Livry-Gargan\" href=\"http:\/\/www.livry-gargan.fr\/\" target=\"_blank\" rel=\"noopener\"><img loading=\"lazy\" decoding=\"async\" class=\"aligncenter size-full wp-image-113\" src=\"https:\/\/www.clrp93.fr\/wp-content\/uploads\/2013\/02\/partn_livry.png\" alt=\"partenaire livry-gargan\" width=\"170\" height=\"66\" \/><\/a><\/td>\n<\/tr>\n<\/tbody>\n<\/table>\n<p>&nbsp;<\/p>\n","protected":false},"excerpt":{"rendered":"<p>HISTORIQUE DU C.L.R.P. (Club Livryen de Randonn\u00e9e P\u00e9destre). Le Club a \u00e9t\u00e9 cr\u00e9\u00e9 le 16 juin 1994, par Messieurs Bela Nara\u00ef et Michel Texandier. Ce Club est affili\u00e9 \u00e0 la F.F.R.P. (F\u00e9d\u00e9ration Fran\u00e7aise de Randonn\u00e9e P\u00e9destre) qui et agr\u00e9\u00e9 par &hellip; <a href=\"https:\/\/www.clrp93.fr\/?page_id=21\">Continuer la lecture <span class=\"meta-nav\">&rarr;<\/span><\/a><\/p>\n","protected":false},"author":1,"featured_media":0,"parent":0,"menu_order":3,"comment_status":"open","ping_status":"closed","template":"","meta":{"footnotes":""},"class_list":["post-21","page","type-page","status-publish","hentry"],"_links":{"self":[{"href":"https:\/\/www.clrp93.fr\/index.php?rest_route=\/wp\/v2\/pages\/21","targetHints":{"allow":["GET"]}}],"collection":[{"href":"https:\/\/www.clrp93.fr\/index.php?rest_route=\/wp\/v2\/pages"}],"about":[{"href":"https:\/\/www.clrp93.fr\/index.php?rest_route=\/wp\/v2\/types\/page"}],"author":[{"embeddable":true,"href":"https:\/\/www.clrp93.fr\/index.php?rest_route=\/wp\/v2\/users\/1"}],"replies":[{"embeddable":true,"href":"https:\/\/www.clrp93.fr\/index.php?rest_route=%2Fwp%2Fv2%2Fcomments&post=21"}],"version-history":[{"count":36,"href":"https:\/\/www.clrp93.fr\/index.php?rest_route=\/wp\/v2\/pages\/21\/revisions"}],"predecessor-version":[{"id":5532,"href":"https:\/\/www.clrp93.fr\/index.php?rest_route=\/wp\/v2\/pages\/21\/revisions\/5532"}],"wp:attachment":[{"href":"https:\/\/www.clrp93.fr\/index.php?rest_route=%2Fwp%2Fv2%2Fmedia&parent=21"}],"curies":[{"name":"wp","href":"https:\/\/api.w.org\/{rel}","templated":true}]}}