{"id":25,"date":"2013-02-07T17:10:16","date_gmt":"2013-02-07T16:10:16","guid":{"rendered":"http:\/\/www.clrp93.fr\/?page_id=25"},"modified":"2022-01-01T11:31:53","modified_gmt":"2022-01-01T10:31:53","slug":"la-charte-des-randonneurs","status":"publish","type":"page","link":"https:\/\/www.clrp93.fr\/?page_id=25","title":{"rendered":"La Charte des Randonneurs"},"content":{"rendered":"<ol>\n<li>Respectons le trac\u00e9 des sentiers, n&rsquo;utilisons pas de raccourcis pour limiter le pi\u00e9tinement de la v\u00e9g\u00e9tation et l&rsquo;\u00e9rosion (surtout sur les milieux sensibles : dunes, marais\u2026).<\/li>\n<li>Pensons aux autres, \u00e0 la s\u00e9r\u00e9nit\u00e9 de la nature. Nous ne sommes pas les seuls \u00e0 fr\u00e9quenter les chemins.<\/li>\n<li>Apprenons \u00e0 conna\u00eetre et \u00e0 respecter la faune et la flore, surtout dans les espaces sensibles, nous comprendrons ainsi pourquoi il convient de les pr\u00e9server.<\/li>\n<li>Ne laissons ni trace de notre passage, ni d\u00e9chets. Emportons les jusqu&rsquo;\u00e0 la prochaine poubelle.<\/li>\n<li>Ne faisons pas de feu dans la nature (for\u00eats et zones broussailleuses).<\/li>\n<li>Ne d\u00e9gradons ni les cultures, ni les plantations et ne d\u00e9rangeons pas es animaux domestiques ou troupeaux. N&rsquo;oublions jamais de toujours refermer derri\u00e8re nous cl\u00f4tures et barri\u00e8res.<\/li>\n<li>Tenons les chiens en laisse, ils pourraient malencontreusement provoquer des dommages ou \u00eatre victimes d&rsquo;accidents.<\/li>\n<li>Ne consommons pas l&rsquo;eau des ruisseaux, sa limpidit\u00e9 apparente ne signifie pas forc\u00e9ment qu&rsquo;elle est potable.<\/li>\n<li>Renseignons nous en p\u00e9riode de chasse aupr\u00e8s des communes. Certains itin\u00e9raires peuvent \u00eatre dangereux.<\/li>\n<li>Informons-nous des r\u00e8glements d&rsquo;acc\u00e8s aux r\u00e9serves naturelles et aux parcs nationaux (les chiens, l&rsquo;utilisation d&rsquo;engins sonores et la cueillette des plantes peuvent, dans certains cas, \u00eatre proscrits).<\/li>\n<\/ol>\n<p><a href=\"https:\/\/www.clrp93.fr\/a_telecharger\/charte-du-randonneur-ffrandonnee.pdf\">T\u00e9l\u00e9charger le d\u00e9pliant de la charte<\/a>.<\/p>\n","protected":false},"excerpt":{"rendered":"<p>Respectons le trac\u00e9 des sentiers, n&rsquo;utilisons pas de raccourcis pour limiter le pi\u00e9tinement de la v\u00e9g\u00e9tation et l&rsquo;\u00e9rosion (surtout sur les milieux sensibles : dunes, marais\u2026). Pensons aux autres, \u00e0 la s\u00e9r\u00e9nit\u00e9 de la nature. Nous ne sommes pas les &hellip; <a href=\"https:\/\/www.clrp93.fr\/?page_id=25\">Continuer la lecture <span class=\"meta-nav\">&rarr;<\/span><\/a><\/p>\n","protected":false},"author":1,"featured_media":0,"parent":21,"menu_order":1,"comment_status":"closed","ping_status":"closed","template":"","meta":{"footnotes":""},"class_list":["post-25","page","type-page","status-publish","hentry"],"_links":{"self":[{"href":"https:\/\/www.clrp93.fr\/index.php?rest_route=\/wp\/v2\/pages\/25","targetHints":{"allow":["GET"]}}],"collection":[{"href":"https:\/\/www.clrp93.fr\/index.php?rest_route=\/wp\/v2\/pages"}],"about":[{"href":"https:\/\/www.clrp93.fr\/index.php?rest_route=\/wp\/v2\/types\/page"}],"author":[{"embeddable":true,"href":"https:\/\/www.clrp93.fr\/index.php?rest_route=\/wp\/v2\/users\/1"}],"replies":[{"embeddable":true,"href":"https:\/\/www.clrp93.fr\/index.php?rest_route=%2Fwp%2Fv2%2Fcomments&post=25"}],"version-history":[{"count":6,"href":"https:\/\/www.clrp93.fr\/index.php?rest_route=\/wp\/v2\/pages\/25\/revisions"}],"predecessor-version":[{"id":5191,"href":"https:\/\/www.clrp93.fr\/index.php?rest_route=\/wp\/v2\/pages\/25\/revisions\/5191"}],"up":[{"embeddable":true,"href":"https:\/\/www.clrp93.fr\/index.php?rest_route=\/wp\/v2\/pages\/21"}],"wp:attachment":[{"href":"https:\/\/www.clrp93.fr\/index.php?rest_route=%2Fwp%2Fv2%2Fmedia&parent=25"}],"curies":[{"name":"wp","href":"https:\/\/api.w.org\/{rel}","templated":true}]}}