{"id":31,"date":"2013-02-07T17:12:10","date_gmt":"2013-02-07T16:12:10","guid":{"rendered":"http:\/\/www.clrp93.fr\/?page_id=31"},"modified":"2025-07-29T17:49:06","modified_gmt":"2025-07-29T16:49:06","slug":"adhesion","status":"publish","type":"page","link":"https:\/\/www.clrp93.fr\/?page_id=31","title":{"rendered":"Adh\u00e9sion"},"content":{"rendered":"<p><strong>Adh\u00e9rer \u00e0 la F\u00e9d\u00e9ration Fran\u00e7aise de la Randonn\u00e9e P\u00e9destre, c&rsquo;est aussi nous aider \u00e0 pr\u00e9server les 180 000 kilom\u00e8tres de sentiers balis\u00e9s. Rejoignez-nous &#8230; en choisissant l&rsquo;une des quatre formules :<\/strong><br \/>\n<strong>Avec la licence<\/strong><\/p>\n<div style=\"text-align: left;\"><a href=\"https:\/\/www.clrp93.fr\/wp-content\/uploads\/2013\/02\/adh-licence1.jpg\"><img loading=\"lazy\" decoding=\"async\" class=\"size-medium wp-image-74 alignright\" src=\"https:\/\/www.clrp93.fr\/wp-content\/uploads\/2013\/02\/adh-licence1-300x193.jpg\" alt=\"adh-licence\" width=\"300\" height=\"193\" srcset=\"https:\/\/www.clrp93.fr\/wp-content\/uploads\/2013\/02\/adh-licence1-300x193.jpg 300w, https:\/\/www.clrp93.fr\/wp-content\/uploads\/2013\/02\/adh-licence1.jpg 310w\" sizes=\"auto, (max-width: 300px) 100vw, 300px\" \/><\/a><\/div>\n<p>Partagez la randonn\u00e9e en toute convivialit\u00e9 dans l&rsquo;un de nos 3410 clubs et b\u00e9n\u00e9ficiez d&rsquo;une couverture d&rsquo;assurance performante et adapt\u00e9e \u00e0 votre pratique et de tous les avantages de votre adh\u00e9sion.<br \/>\n<b><br \/>\n<\/b><\/p>\n<p><a href=\"https:\/\/www.clrp93.fr\/wp-content\/uploads\/2013\/02\/adh-randocarte.jpg\"><img loading=\"lazy\" decoding=\"async\" class=\"size-medium wp-image-6 alignright\" src=\"https:\/\/www.clrp93.fr\/wp-content\/uploads\/2013\/02\/adh-randocarte-300x193.jpg\" alt=\"adh-randocarte\" width=\"300\" height=\"193\" srcset=\"https:\/\/www.clrp93.fr\/wp-content\/uploads\/2013\/02\/adh-randocarte-300x193.jpg 300w, https:\/\/www.clrp93.fr\/wp-content\/uploads\/2013\/02\/adh-randocarte.jpg 310w\" sizes=\"auto, (max-width: 300px) 100vw, 300px\" \/><\/a><\/p>\n<p>&nbsp;<\/p>\n<p>Partagez la randonn\u00e9e en toute convivialit\u00e9 dans l&rsquo;un de nos 3410 clubs et b\u00e9n\u00e9ficiez d&rsquo;une couverture d&rsquo;assurance performante et adapt\u00e9e \u00e0 votre pratique et de tous les avantages de votre adh\u00e9sion.<br \/>\n<strong>Avec la Randocarte\u00ae<\/strong><\/p>\n<p><a href=\"https:\/\/www.clrp93.fr\/wp-content\/uploads\/2013\/02\/adh-decouverte.jpg\"><img loading=\"lazy\" decoding=\"async\" class=\"size-medium wp-image-4 alignright\" src=\"https:\/\/www.clrp93.fr\/wp-content\/uploads\/2013\/02\/adh-decouverte-300x193.jpg\" alt=\"adh-decouverte\" width=\"300\" height=\"193\" srcset=\"https:\/\/www.clrp93.fr\/wp-content\/uploads\/2013\/02\/adh-decouverte-300x193.jpg 300w, https:\/\/www.clrp93.fr\/wp-content\/uploads\/2013\/02\/adh-decouverte.jpg 310w\" sizes=\"auto, (max-width: 300px) 100vw, 300px\" \/><\/a><\/p>\n<p>&nbsp;<\/p>\n<p>Randonnez en famille ou entre amis en toute s\u00e9curit\u00e9 pendant toute une ann\u00e9e de plaisir et de tranquilit\u00e9 sur nos sentiers balis\u00e9s et b\u00e9n\u00e9ficiez de tous les avantages de votre adh\u00e9sion.<br \/>\n<strong>Avec la Randocarte D\u00e9couverte\u00ae<\/strong><\/p>\n<p>&nbsp;<\/p>\n<h2>ATTENTION MODIFICATIONS &#8211; BIEN LIRE LE COURRIER D&rsquo;ACCUEIL<\/h2>\n<h2>Autres documents :<\/h2>\n<ul>\n<li>T\u00e9l\u00e9charger :\u00a0 <a href=\"https:\/\/www.clrp93.fr\/a_telecharger\/Courrieraccueil.pdf\" rel=\"noopener\">Courrier d&rsquo;accueil<\/a><\/li>\n<li>T\u00e9l\u00e9charger :\u00a0<a href=\"https:\/\/www.clrp93.fr\/a_telecharger\/Adhere.pdf\" target=\"_blank\" rel=\"noopener noreferrer\">Bulletin d&rsquo;adh\u00e9sion<\/a><\/li>\n<li>T\u00e9l\u00e9charger : <a href=\"https:\/\/www.clrp93.fr\/a_telecharger\/fichemedicaleperso.pdf\">Fiche Medicale Confidentielle<\/a> (\u00e0 emporter sur soi en randonn\u00e9e)<\/li>\n<li>T\u00e9l\u00e9charger \u00a0:\u00a0<a href=\"https:\/\/www.clrp93.fr\/a_telecharger\/certificatmedical.pdf\" target=\"_blank\" rel=\"noopener noreferrer\">Certificat m\u00e9dical<\/a><\/li>\n<li>T\u00e9l\u00e9charger \u00a0:\u00a0<a href=\"https:\/\/www.clrp93.fr\/a_telecharger\/Auto-questionnaire.pdf\" target=\"_blank\" rel=\"noopener noreferrer\">Auto-questionnaire<\/a><\/li>\n<li>T\u00e9l\u00e9charger\u00a0 : <a href=\"https:\/\/www.clrp93.fr\/a_telecharger\/Attestationmajeur.pdf\">L&rsquo;attestation pour les pratiquants majeurs<\/a><\/li>\n<\/ul>\n","protected":false},"excerpt":{"rendered":"<p>Adh\u00e9rer \u00e0 la F\u00e9d\u00e9ration Fran\u00e7aise de la Randonn\u00e9e P\u00e9destre, c&rsquo;est aussi nous aider \u00e0 pr\u00e9server les 180 000 kilom\u00e8tres de sentiers balis\u00e9s. Rejoignez-nous &#8230; en choisissant l&rsquo;une des quatre formules : Avec la licence Partagez la randonn\u00e9e en toute convivialit\u00e9 &hellip; <a href=\"https:\/\/www.clrp93.fr\/?page_id=31\">Continuer la lecture <span class=\"meta-nav\">&rarr;<\/span><\/a><\/p>\n","protected":false},"author":1,"featured_media":0,"parent":21,"menu_order":4,"comment_status":"closed","ping_status":"closed","template":"","meta":{"footnotes":""},"class_list":["post-31","page","type-page","status-publish","hentry"],"_links":{"self":[{"href":"https:\/\/www.clrp93.fr\/index.php?rest_route=\/wp\/v2\/pages\/31","targetHints":{"allow":["GET"]}}],"collection":[{"href":"https:\/\/www.clrp93.fr\/index.php?rest_route=\/wp\/v2\/pages"}],"about":[{"href":"https:\/\/www.clrp93.fr\/index.php?rest_route=\/wp\/v2\/types\/page"}],"author":[{"embeddable":true,"href":"https:\/\/www.clrp93.fr\/index.php?rest_route=\/wp\/v2\/users\/1"}],"replies":[{"embeddable":true,"href":"https:\/\/www.clrp93.fr\/index.php?rest_route=%2Fwp%2Fv2%2Fcomments&post=31"}],"version-history":[{"count":65,"href":"https:\/\/www.clrp93.fr\/index.php?rest_route=\/wp\/v2\/pages\/31\/revisions"}],"predecessor-version":[{"id":5635,"href":"https:\/\/www.clrp93.fr\/index.php?rest_route=\/wp\/v2\/pages\/31\/revisions\/5635"}],"up":[{"embeddable":true,"href":"https:\/\/www.clrp93.fr\/index.php?rest_route=\/wp\/v2\/pages\/21"}],"wp:attachment":[{"href":"https:\/\/www.clrp93.fr\/index.php?rest_route=%2Fwp%2Fv2%2Fmedia&parent=31"}],"curies":[{"name":"wp","href":"https:\/\/api.w.org\/{rel}","templated":true}]}}