{"id":96,"date":"2013-02-08T17:56:34","date_gmt":"2013-02-08T16:56:34","guid":{"rendered":"http:\/\/www.clrp93.fr\/?page_id=96"},"modified":"2025-12-13T18:57:19","modified_gmt":"2025-12-13T17:57:19","slug":"week-end-et-sejours","status":"publish","type":"page","link":"https:\/\/www.clrp93.fr\/?page_id=96","title":{"rendered":"Week-ends et s\u00e9jours"},"content":{"rendered":"<p style=\"text-align: center;\">Les s\u00e9jours organis\u00e9s par le Club Livryen de Randonn\u00e9e en 2025<\/p>\n<p style=\"text-align: left;\">T\u00e9l\u00e9charger ici <a href=\"https:\/\/www.clrp93.fr\/a_telecharger\/St-Fargeau.pdf\">le programme et l&rsquo;inscription du week-end au <strong>PAYS de COLETTE<\/strong><\/a> les 11 et 12 octobre.<br \/>\nLe bulletin <a href=\"https:\/\/www.clrp93.fr\/a_telecharger\/Inscription-colette.pdf\">d&rsquo;inscription<\/a>.<\/p>\n<p>Prochains week-ends et s\u00e9jours :<br \/>\n&#8211; <strong>ANGERVILLE L&rsquo;ORCHER<\/strong> &#8211; 16 au 17 MAI 2026 &#8211; J &amp;P ROUILLON<br \/>\n&#8211; <strong>LA HAUTE LOIRE<\/strong> &#8211; 7 au 13 JUIN 2026 &#8211; M &amp; R FAVIER`<br \/>\n&#8211; <strong>LE VERCORS<\/strong> &#8211; 27 JUIN \u00a0AU 4 JUILLET 2026 &#8211; A BOINOT<br \/>\n&#8211; <strong>LA BOURGOGNE<\/strong> &#8211; 10 au 11 OCTOBRE 2026 &#8211; M &amp; R FAVIER<\/p>\n<p>&nbsp;<\/p>\n","protected":false},"excerpt":{"rendered":"<p>Les s\u00e9jours organis\u00e9s par le Club Livryen de Randonn\u00e9e en 2025 T\u00e9l\u00e9charger ici le programme et l&rsquo;inscription du week-end au PAYS de COLETTE les 11 et 12 octobre. Le bulletin d&rsquo;inscription. Prochains week-ends et s\u00e9jours : &#8211; ANGERVILLE L&rsquo;ORCHER &#8211; &hellip; <a href=\"https:\/\/www.clrp93.fr\/?page_id=96\">Continuer la lecture <span class=\"meta-nav\">&rarr;<\/span><\/a><\/p>\n","protected":false},"author":1,"featured_media":0,"parent":56,"menu_order":4,"comment_status":"closed","ping_status":"closed","template":"sidebar-page.php","meta":{"footnotes":""},"class_list":["post-96","page","type-page","status-publish","hentry"],"_links":{"self":[{"href":"https:\/\/www.clrp93.fr\/index.php?rest_route=\/wp\/v2\/pages\/96","targetHints":{"allow":["GET"]}}],"collection":[{"href":"https:\/\/www.clrp93.fr\/index.php?rest_route=\/wp\/v2\/pages"}],"about":[{"href":"https:\/\/www.clrp93.fr\/index.php?rest_route=\/wp\/v2\/types\/page"}],"author":[{"embeddable":true,"href":"https:\/\/www.clrp93.fr\/index.php?rest_route=\/wp\/v2\/users\/1"}],"replies":[{"embeddable":true,"href":"https:\/\/www.clrp93.fr\/index.php?rest_route=%2Fwp%2Fv2%2Fcomments&post=96"}],"version-history":[{"count":68,"href":"https:\/\/www.clrp93.fr\/index.php?rest_route=\/wp\/v2\/pages\/96\/revisions"}],"predecessor-version":[{"id":5670,"href":"https:\/\/www.clrp93.fr\/index.php?rest_route=\/wp\/v2\/pages\/96\/revisions\/5670"}],"up":[{"embeddable":true,"href":"https:\/\/www.clrp93.fr\/index.php?rest_route=\/wp\/v2\/pages\/56"}],"wp:attachment":[{"href":"https:\/\/www.clrp93.fr\/index.php?rest_route=%2Fwp%2Fv2%2Fmedia&parent=96"}],"curies":[{"name":"wp","href":"https:\/\/api.w.org\/{rel}","templated":true}]}}